{"id":138,"date":"2013-07-09T09:22:00","date_gmt":"2013-07-09T09:22:00","guid":{"rendered":"https:\/\/portail.lepervanche.ac-reunion.fr\/wordpress\/?page_id=138"},"modified":"2013-09-06T08:16:00","modified_gmt":"2013-09-06T08:16:00","slug":"infirmerie","status":"publish","type":"page","link":"https:\/\/portail.lepervanche.ac-reunion.fr\/wordpress\/contacts\/infirmerie\/","title":{"rendered":"Infirmerie"},"content":{"rendered":"<h3><span style=\"color: #3366ff;text-decoration: underline\">Infirmerie (B\u00e2t. I)<\/span><\/h3>\n<p><span style=\"color: #000000\">V\u00e9ronique EUPHRASIE, Infirmi\u00e8re<\/span><\/p>\n<p><span style=\"color: #000000\">0262 42 75 54<\/span><\/p>\n<p><span style=\"color: #000000\">Planning :<\/span><\/p>\n<p><span style=\"color: #000000\">&#8211; Lundi : 8 h 00 \u00e0 16 h 00<\/span><\/p>\n<p><span style=\"color: #000000\">&#8211; Mardi : 8 h 00 \u00e0 16 h 00<\/span><\/p>\n<p><span style=\"color: #000000\">&#8211; Jeudi : 8 h 00 \u00e0 16 h 00<\/span><\/p>\n<p><span style=\"color: #000000\">&#8211; Vendredi : 8 h 00 \u00e0 15 h 45<\/span><\/p>\n","protected":false},"excerpt":{"rendered":"<p>Infirmerie (B\u00e2t. I) V\u00e9ronique EUPHRASIE, Infirmi\u00e8re 0262 42 75 54 Planning : &#8211; Lundi : 8 h 00 \u00e0 16 h 00 &#8211; Mardi : 8 h 00 \u00e0 16 h 00 &#8211; Jeudi : 8 h 00 \u00e0 16 h 00 &#8211; Vendredi : 8 h 00 \u00e0 15 h 45<\/p>\n","protected":false},"author":3995,"featured_media":0,"parent":103,"menu_order":5,"comment_status":"closed","ping_status":"closed","template":"","meta":{"_links_to":"","_links_to_target":""},"_links":{"self":[{"href":"https:\/\/portail.lepervanche.ac-reunion.fr\/wordpress\/wp-json\/wp\/v2\/pages\/138"}],"collection":[{"href":"https:\/\/portail.lepervanche.ac-reunion.fr\/wordpress\/wp-json\/wp\/v2\/pages"}],"about":[{"href":"https:\/\/portail.lepervanche.ac-reunion.fr\/wordpress\/wp-json\/wp\/v2\/types\/page"}],"author":[{"embeddable":true,"href":"https:\/\/portail.lepervanche.ac-reunion.fr\/wordpress\/wp-json\/wp\/v2\/users\/3995"}],"replies":[{"embeddable":true,"href":"https:\/\/portail.lepervanche.ac-reunion.fr\/wordpress\/wp-json\/wp\/v2\/comments?post=138"}],"version-history":[{"count":8,"href":"https:\/\/portail.lepervanche.ac-reunion.fr\/wordpress\/wp-json\/wp\/v2\/pages\/138\/revisions"}],"predecessor-version":[{"id":473,"href":"https:\/\/portail.lepervanche.ac-reunion.fr\/wordpress\/wp-json\/wp\/v2\/pages\/138\/revisions\/473"}],"up":[{"embeddable":true,"href":"https:\/\/portail.lepervanche.ac-reunion.fr\/wordpress\/wp-json\/wp\/v2\/pages\/103"}],"wp:attachment":[{"href":"https:\/\/portail.lepervanche.ac-reunion.fr\/wordpress\/wp-json\/wp\/v2\/media?parent=138"}],"curies":[{"name":"wp","href":"https:\/\/api.w.org\/{rel}","templated":true}]}}