{"id":232,"date":"2013-07-11T11:09:40","date_gmt":"2013-07-11T11:09:40","guid":{"rendered":"https:\/\/portail.lepervanche.ac-reunion.fr\/wordpress\/?page_id=232"},"modified":"2013-08-20T05:07:15","modified_gmt":"2013-08-20T05:07:15","slug":"documents-administratifs","status":"publish","type":"page","link":"https:\/\/portail.lepervanche.ac-reunion.fr\/wordpress\/documents-administratifs-a-telecharger\/documents-administratifs\/","title":{"rendered":"Documents administratifs"},"content":{"rendered":"<p><a href=\"https:\/\/portail.lepervanche.ac-reunion.fr\/wordpress\/wp-content\/uploads\/2013\/07\/choix-doc.png\"><img decoding=\"async\" loading=\"lazy\" class=\"alignleft  wp-image-239\" style=\"margin: 10px;\" src=\"https:\/\/portail.lepervanche.ac-reunion.fr\/wordpress\/wp-content\/uploads\/2013\/07\/choix-doc-150x150.png\" alt=\"\" width=\"223\" height=\"217\" \/><\/a><\/p>\n<p><a href=\"https:\/\/portail.lepervanche.ac-reunion.fr\/wordpress\/wp-content\/uploads\/2013\/07\/Dde-autorisation-absence-enseig.et-surv..pdf\" target=\"_blank\">Demande d&rsquo;autorisation absence enseignants et surveillants<\/a><\/p>\n<p><a href=\"https:\/\/portail.lepervanche.ac-reunion.fr\/wordpress\/wp-content\/uploads\/2013\/07\/Dde-autorisation-absence-adm.-agent.pdf\" target=\"_blank\">Demande d&rsquo;autorisation d&rsquo;absence administratifs et agents<\/a><\/p>\n<p><a href=\"https:\/\/portail.lepervanche.ac-reunion.fr\/wordpress\/wp-content\/uploads\/2013\/07\/Changement-exceptionnel-EDT.pdf\" target=\"_blank\">Changement exceptionnel emploi du temps<\/a><\/p>\n<p><a href=\"https:\/\/portail.lepervanche.ac-reunion.fr\/wordpress\/wp-content\/uploads\/2013\/07\/dde-intervention-achat.pdf\" target=\"_blank\">Demande d&rsquo;intervention ou achat<\/a><\/p>\n<p><a href=\"https:\/\/portail.lepervanche.ac-reunion.fr\/wordpress\/wp-content\/uploads\/2013\/07\/Dde-d\u00e9rogation-\u00e0-lobligation-de-r\u00e9sidence-administrative.pdf\" target=\"_blank\">Demande de d\u00e9rogation \u00e0 l&rsquo;obligation de r\u00e9sidence administrative<\/a><\/p>\n<p><a href=\"https:\/\/portail.lepervanche.ac-reunion.fr\/wordpress\/wp-content\/uploads\/2013\/07\/Rapport-individuel.pdf\" target=\"_blank\">Rappot individuel<\/a><\/p>\n","protected":false},"excerpt":{"rendered":"<p>Demande d&rsquo;autorisation absence enseignants et surveillants Demande d&rsquo;autorisation d&rsquo;absence administratifs et agents Changement exceptionnel emploi du temps Demande d&rsquo;intervention ou achat Demande de d\u00e9rogation \u00e0 l&rsquo;obligation de r\u00e9sidence administrative Rappot individuel<\/p>\n","protected":false},"author":3995,"featured_media":0,"parent":185,"menu_order":1,"comment_status":"closed","ping_status":"open","template":"","meta":{"_links_to":"","_links_to_target":""},"_links":{"self":[{"href":"https:\/\/portail.lepervanche.ac-reunion.fr\/wordpress\/wp-json\/wp\/v2\/pages\/232"}],"collection":[{"href":"https:\/\/portail.lepervanche.ac-reunion.fr\/wordpress\/wp-json\/wp\/v2\/pages"}],"about":[{"href":"https:\/\/portail.lepervanche.ac-reunion.fr\/wordpress\/wp-json\/wp\/v2\/types\/page"}],"author":[{"embeddable":true,"href":"https:\/\/portail.lepervanche.ac-reunion.fr\/wordpress\/wp-json\/wp\/v2\/users\/3995"}],"replies":[{"embeddable":true,"href":"https:\/\/portail.lepervanche.ac-reunion.fr\/wordpress\/wp-json\/wp\/v2\/comments?post=232"}],"version-history":[{"count":22,"href":"https:\/\/portail.lepervanche.ac-reunion.fr\/wordpress\/wp-json\/wp\/v2\/pages\/232\/revisions"}],"predecessor-version":[{"id":237,"href":"https:\/\/portail.lepervanche.ac-reunion.fr\/wordpress\/wp-json\/wp\/v2\/pages\/232\/revisions\/237"}],"up":[{"embeddable":true,"href":"https:\/\/portail.lepervanche.ac-reunion.fr\/wordpress\/wp-json\/wp\/v2\/pages\/185"}],"wp:attachment":[{"href":"https:\/\/portail.lepervanche.ac-reunion.fr\/wordpress\/wp-json\/wp\/v2\/media?parent=232"}],"curies":[{"name":"wp","href":"https:\/\/api.w.org\/{rel}","templated":true}]}}